{"id":38,"date":"2024-05-09T16:35:51","date_gmt":"2024-05-09T16:35:51","guid":{"rendered":"https:\/\/anzen.kikentai.mx\/?page_id=38"},"modified":"2024-05-09T17:53:42","modified_gmt":"2024-05-09T17:53:42","slug":"servicios","status":"publish","type":"page","link":"https:\/\/anzen.kikentai.mx\/index.php\/servicios\/","title":{"rendered":"Servicios"},"content":{"rendered":"\t\t<div data-elementor-type=\"wp-page\" data-elementor-id=\"38\" class=\"elementor elementor-38\">\n\t\t\t\t<div class=\"elementor-element elementor-element-d3919fc e-flex e-con-boxed e-con e-parent\" data-id=\"d3919fc\" data-element_type=\"container\">\n\t\t\t\t\t<div class=\"e-con-inner\">\n\t\t<div class=\"elementor-element elementor-element-e5966be e-con-full e-flex e-con e-child\" data-id=\"e5966be\" data-element_type=\"container\">\n\t\t\t\t<div class=\"elementor-element elementor-element-4464315 elementor-view-default elementor-widget elementor-widget-icon\" data-id=\"4464315\" data-element_type=\"widget\" data-widget_type=\"icon.default\">\n\t\t\t\t<div class=\"elementor-widget-container\">\n\t\t\t\t\t\t\t<div class=\"elementor-icon-wrapper\">\n\t\t\t<div class=\"elementor-icon\">\n\t\t\t<svg aria-hidden=\"true\" class=\"e-font-icon-svg e-fas-store\" viewBox=\"0 0 616 512\" xmlns=\"http:\/\/www.w3.org\/2000\/svg\"><path d=\"M602 118.6L537.1 15C531.3 5.7 521 0 510 0H106C95 0 84.7 5.7 78.9 15L14 118.6c-33.5 53.5-3.8 127.9 58.8 136.4 4.5.6 9.1.9 13.7.9 29.6 0 55.8-13 73.8-33.1 18 20.1 44.3 33.1 73.8 33.1 29.6 0 55.8-13 73.8-33.1 18 20.1 44.3 33.1 73.8 33.1 29.6 0 55.8-13 73.8-33.1 18.1 20.1 44.3 33.1 73.8 33.1 4.7 0 9.2-.3 13.7-.9 62.8-8.4 92.6-82.8 59-136.4zM529.5 288c-10 0-19.9-1.5-29.5-3.8V384H116v-99.8c-9.6 2.2-19.5 3.8-29.5 3.8-6 0-12.1-.4-18-1.2-5.6-.8-11.1-2.1-16.4-3.6V480c0 17.7 14.3 32 32 32h448c17.7 0 32-14.3 32-32V283.2c-5.4 1.6-10.8 2.9-16.4 3.6-6.1.8-12.1 1.2-18.2 1.2z\"><\/path><\/svg>\t\t\t<\/div>\n\t\t<\/div>\n\t\t\t\t\t\t<\/div>\n\t\t\t\t<\/div>\n\t\t\t\t<div class=\"elementor-element elementor-element-49796c1 elementor-widget elementor-widget-heading\" data-id=\"49796c1\" data-element_type=\"widget\" data-widget_type=\"heading.default\">\n\t\t\t\t<div class=\"elementor-widget-container\">\n\t\t\t\t\t<h2 class=\"elementor-heading-title elementor-size-default\">INTRAMUROS<\/h2>\t\t\t\t<\/div>\n\t\t\t\t<\/div>\n\t\t\t\t<div class=\"elementor-element elementor-element-75875d0 elementor-widget elementor-widget-text-editor\" data-id=\"75875d0\" data-element_type=\"widget\" data-widget_type=\"text-editor.default\">\n\t\t\t\t<div class=\"elementor-widget-container\">\n\t\t\t\t\t\t\t\t\t<p>Nuestros agentes, est\u00e1n capacitados para salvaguardar lo m\u00e1s importante para ti, la integridad de las personas, bienes e inmuebles donde sean requeridos.<\/p>\t\t\t\t\t\t\t\t<\/div>\n\t\t\t\t<\/div>\n\t\t\t\t<div class=\"elementor-element elementor-element-c78729c elementor-view-default elementor-widget elementor-widget-icon\" data-id=\"c78729c\" data-element_type=\"widget\" data-widget_type=\"icon.default\">\n\t\t\t\t<div class=\"elementor-widget-container\">\n\t\t\t\t\t\t\t<div class=\"elementor-icon-wrapper\">\n\t\t\t<div class=\"elementor-icon\">\n\t\t\t<svg aria-hidden=\"true\" class=\"e-font-icon-svg e-fas-hotel\" viewBox=\"0 0 576 512\" xmlns=\"http:\/\/www.w3.org\/2000\/svg\"><path d=\"M560 64c8.84 0 16-7.16 16-16V16c0-8.84-7.16-16-16-16H16C7.16 0 0 7.16 0 16v32c0 8.84 7.16 16 16 16h15.98v384H16c-8.84 0-16 7.16-16 16v32c0 8.84 7.16 16 16 16h240v-80c0-8.8 7.2-16 16-16h32c8.8 0 16 7.2 16 16v80h240c8.84 0 16-7.16 16-16v-32c0-8.84-7.16-16-16-16h-16V64h16zm-304 44.8c0-6.4 6.4-12.8 12.8-12.8h38.4c6.4 0 12.8 6.4 12.8 12.8v38.4c0 6.4-6.4 12.8-12.8 12.8h-38.4c-6.4 0-12.8-6.4-12.8-12.8v-38.4zm0 96c0-6.4 6.4-12.8 12.8-12.8h38.4c6.4 0 12.8 6.4 12.8 12.8v38.4c0 6.4-6.4 12.8-12.8 12.8h-38.4c-6.4 0-12.8-6.4-12.8-12.8v-38.4zm-128-96c0-6.4 6.4-12.8 12.8-12.8h38.4c6.4 0 12.8 6.4 12.8 12.8v38.4c0 6.4-6.4 12.8-12.8 12.8h-38.4c-6.4 0-12.8-6.4-12.8-12.8v-38.4zM179.2 256h-38.4c-6.4 0-12.8-6.4-12.8-12.8v-38.4c0-6.4 6.4-12.8 12.8-12.8h38.4c6.4 0 12.8 6.4 12.8 12.8v38.4c0 6.4-6.4 12.8-12.8 12.8zM192 384c0-53.02 42.98-96 96-96s96 42.98 96 96H192zm256-140.8c0 6.4-6.4 12.8-12.8 12.8h-38.4c-6.4 0-12.8-6.4-12.8-12.8v-38.4c0-6.4 6.4-12.8 12.8-12.8h38.4c6.4 0 12.8 6.4 12.8 12.8v38.4zm0-96c0 6.4-6.4 12.8-12.8 12.8h-38.4c-6.4 0-12.8-6.4-12.8-12.8v-38.4c0-6.4 6.4-12.8 12.8-12.8h38.4c6.4 0 12.8 6.4 12.8 12.8v38.4z\"><\/path><\/svg>\t\t\t<\/div>\n\t\t<\/div>\n\t\t\t\t\t\t<\/div>\n\t\t\t\t<\/div>\n\t\t\t\t<div class=\"elementor-element elementor-element-b34b5e6 elementor-widget elementor-widget-heading\" data-id=\"b34b5e6\" data-element_type=\"widget\" data-widget_type=\"heading.default\">\n\t\t\t\t<div class=\"elementor-widget-container\">\n\t\t\t\t\t<h2 class=\"elementor-heading-title elementor-size-default\">CORPORATIVOS & RESIDENCIALES<\/h2>\t\t\t\t<\/div>\n\t\t\t\t<\/div>\n\t\t\t\t<div class=\"elementor-element elementor-element-d28aeae elementor-widget elementor-widget-text-editor\" data-id=\"d28aeae\" data-element_type=\"widget\" data-widget_type=\"text-editor.default\">\n\t\t\t\t<div class=\"elementor-widget-container\">\n\t\t\t\t\t\t\t\t\t<p>Nuestros agentes, no solo tienen la capacidad intramuros; si no que ser\u00e1 una soluci\u00f3n para la recepci\u00f3n de su corporativo o residencia, siendo \u00e9ste capaz de comunicar, recibir y canalizar adecuadamente cada requerimiento; ya que son responsables y auto-organizados.<\/p>\t\t\t\t\t\t\t\t<\/div>\n\t\t\t\t<\/div>\n\t\t\t\t<\/div>\n\t\t<div class=\"elementor-element elementor-element-b5e1b24 e-con-full e-flex e-con e-child\" data-id=\"b5e1b24\" data-element_type=\"container\">\n\t\t\t\t<div class=\"elementor-element elementor-element-4daf67b elementor-widget elementor-widget-image\" data-id=\"4daf67b\" data-element_type=\"widget\" data-widget_type=\"image.default\">\n\t\t\t\t<div class=\"elementor-widget-container\">\n\t\t\t\t\t\t\t\t\t\t\t\t\t\t\t<img decoding=\"async\" src=\"https:\/\/anzen.kikentai.mx\/wp-content\/plugins\/elementor\/assets\/images\/placeholder.png\" title=\"\" alt=\"\" loading=\"lazy\" \/>\t\t\t\t\t\t\t\t\t\t\t\t\t\t\t<\/div>\n\t\t\t\t<\/div>\n\t\t\t\t<\/div>\n\t\t\t\t\t<\/div>\n\t\t\t\t<\/div>\n\t\t\t\t<\/div>\n\t\t","protected":false},"excerpt":{"rendered":"<p>INTRAMUROS Nuestros agentes, est\u00e1n capacitados para salvaguardar lo m\u00e1s importante para ti, la integridad de las personas, bienes e inmuebles donde sean requeridos. CORPORATIVOS &#038; RESIDENCIALES Nuestros agentes, no solo tienen la capacidad intramuros; si no que ser\u00e1 una soluci\u00f3n para la recepci\u00f3n de su corporativo o residencia, siendo \u00e9ste capaz de comunicar, recibir y&#8230;<\/p>\n","protected":false},"author":1,"featured_media":0,"parent":0,"menu_order":0,"comment_status":"closed","ping_status":"closed","template":"","meta":{"_kad_post_transparent":"","_kad_post_title":"hide","_kad_post_layout":"fullwidth","_kad_post_sidebar_id":"","_kad_post_content_style":"unboxed","_kad_post_vertical_padding":"hide","_kad_post_feature":"hide","_kad_post_feature_position":"","_kad_post_header":false,"_kad_post_footer":false,"footnotes":""},"class_list":["post-38","page","type-page","status-publish","hentry"],"yoast_head":"<!-- This site is optimized with the Yoast SEO plugin v24.8.1 - https:\/\/yoast.com\/wordpress\/plugins\/seo\/ -->\n<title>Servicios - Anzen Ki Ken Tai<\/title>\n<meta name=\"robots\" content=\"index, follow, max-snippet:-1, max-image-preview:large, max-video-preview:-1\" \/>\n<link rel=\"canonical\" href=\"https:\/\/anzen.kikentai.mx\/index.php\/servicios\/\" \/>\n<meta property=\"og:locale\" content=\"es_ES\" \/>\n<meta property=\"og:type\" content=\"article\" \/>\n<meta property=\"og:title\" content=\"Servicios - Anzen Ki Ken Tai\" \/>\n<meta property=\"og:description\" content=\"INTRAMUROS Nuestros agentes, est\u00e1n capacitados para salvaguardar lo m\u00e1s importante para ti, la integridad de las personas, bienes e inmuebles donde sean requeridos. CORPORATIVOS &#038; RESIDENCIALES Nuestros agentes, no solo tienen la capacidad intramuros; si no que ser\u00e1 una soluci\u00f3n para la recepci\u00f3n de su corporativo o residencia, siendo \u00e9ste capaz de comunicar, recibir y...\" \/>\n<meta property=\"og:url\" content=\"https:\/\/anzen.kikentai.mx\/index.php\/servicios\/\" \/>\n<meta property=\"og:site_name\" content=\"Anzen Ki Ken Tai\" \/>\n<meta property=\"article:modified_time\" content=\"2024-05-09T17:53:42+00:00\" \/>\n<meta property=\"og:image\" content=\"https:\/\/anzen.kikentai.mx\/wp-content\/plugins\/elementor\/assets\/images\/placeholder.png\" \/>\n<meta name=\"twitter:card\" content=\"summary_large_image\" \/>\n<meta name=\"twitter:label1\" content=\"Tiempo de lectura\" \/>\n\t<meta name=\"twitter:data1\" content=\"1 minuto\" \/>\n<script type=\"application\/ld+json\" class=\"yoast-schema-graph\">{\"@context\":\"https:\/\/schema.org\",\"@graph\":[{\"@type\":\"WebPage\",\"@id\":\"https:\/\/anzen.kikentai.mx\/index.php\/servicios\/\",\"url\":\"https:\/\/anzen.kikentai.mx\/index.php\/servicios\/\",\"name\":\"Servicios - Anzen Ki Ken Tai\",\"isPartOf\":{\"@id\":\"https:\/\/anzen.kikentai.mx\/#website\"},\"primaryImageOfPage\":{\"@id\":\"https:\/\/anzen.kikentai.mx\/index.php\/servicios\/#primaryimage\"},\"image\":{\"@id\":\"https:\/\/anzen.kikentai.mx\/index.php\/servicios\/#primaryimage\"},\"thumbnailUrl\":\"https:\/\/anzen.kikentai.mx\/wp-content\/plugins\/elementor\/assets\/images\/placeholder.png\",\"datePublished\":\"2024-05-09T16:35:51+00:00\",\"dateModified\":\"2024-05-09T17:53:42+00:00\",\"breadcrumb\":{\"@id\":\"https:\/\/anzen.kikentai.mx\/index.php\/servicios\/#breadcrumb\"},\"inLanguage\":\"es\",\"potentialAction\":[{\"@type\":\"ReadAction\",\"target\":[\"https:\/\/anzen.kikentai.mx\/index.php\/servicios\/\"]}]},{\"@type\":\"ImageObject\",\"inLanguage\":\"es\",\"@id\":\"https:\/\/anzen.kikentai.mx\/index.php\/servicios\/#primaryimage\",\"url\":\"https:\/\/anzen.kikentai.mx\/wp-content\/plugins\/elementor\/assets\/images\/placeholder.png\",\"contentUrl\":\"https:\/\/anzen.kikentai.mx\/wp-content\/plugins\/elementor\/assets\/images\/placeholder.png\"},{\"@type\":\"BreadcrumbList\",\"@id\":\"https:\/\/anzen.kikentai.mx\/index.php\/servicios\/#breadcrumb\",\"itemListElement\":[{\"@type\":\"ListItem\",\"position\":1,\"name\":\"Portada\",\"item\":\"https:\/\/anzen.kikentai.mx\/\"},{\"@type\":\"ListItem\",\"position\":2,\"name\":\"Servicios\"}]},{\"@type\":\"WebSite\",\"@id\":\"https:\/\/anzen.kikentai.mx\/#website\",\"url\":\"https:\/\/anzen.kikentai.mx\/\",\"name\":\"Anzen Ki Ken Tai\",\"description\":\"Empresa de agentes salvaguardas integrales\",\"potentialAction\":[{\"@type\":\"SearchAction\",\"target\":{\"@type\":\"EntryPoint\",\"urlTemplate\":\"https:\/\/anzen.kikentai.mx\/?s={search_term_string}\"},\"query-input\":{\"@type\":\"PropertyValueSpecification\",\"valueRequired\":true,\"valueName\":\"search_term_string\"}}],\"inLanguage\":\"es\"}]}<\/script>\n<!-- \/ Yoast SEO plugin. -->","yoast_head_json":{"title":"Servicios - Anzen Ki Ken Tai","robots":{"index":"index","follow":"follow","max-snippet":"max-snippet:-1","max-image-preview":"max-image-preview:large","max-video-preview":"max-video-preview:-1"},"canonical":"https:\/\/anzen.kikentai.mx\/index.php\/servicios\/","og_locale":"es_ES","og_type":"article","og_title":"Servicios - Anzen Ki Ken Tai","og_description":"INTRAMUROS Nuestros agentes, est\u00e1n capacitados para salvaguardar lo m\u00e1s importante para ti, la integridad de las personas, bienes e inmuebles donde sean requeridos. CORPORATIVOS &#038; RESIDENCIALES Nuestros agentes, no solo tienen la capacidad intramuros; si no que ser\u00e1 una soluci\u00f3n para la recepci\u00f3n de su corporativo o residencia, siendo \u00e9ste capaz de comunicar, recibir y...","og_url":"https:\/\/anzen.kikentai.mx\/index.php\/servicios\/","og_site_name":"Anzen Ki Ken Tai","article_modified_time":"2024-05-09T17:53:42+00:00","og_image":[{"url":"https:\/\/anzen.kikentai.mx\/wp-content\/plugins\/elementor\/assets\/images\/placeholder.png","type":"","width":"","height":""}],"twitter_card":"summary_large_image","twitter_misc":{"Tiempo de lectura":"1 minuto"},"schema":{"@context":"https:\/\/schema.org","@graph":[{"@type":"WebPage","@id":"https:\/\/anzen.kikentai.mx\/index.php\/servicios\/","url":"https:\/\/anzen.kikentai.mx\/index.php\/servicios\/","name":"Servicios - Anzen Ki Ken Tai","isPartOf":{"@id":"https:\/\/anzen.kikentai.mx\/#website"},"primaryImageOfPage":{"@id":"https:\/\/anzen.kikentai.mx\/index.php\/servicios\/#primaryimage"},"image":{"@id":"https:\/\/anzen.kikentai.mx\/index.php\/servicios\/#primaryimage"},"thumbnailUrl":"https:\/\/anzen.kikentai.mx\/wp-content\/plugins\/elementor\/assets\/images\/placeholder.png","datePublished":"2024-05-09T16:35:51+00:00","dateModified":"2024-05-09T17:53:42+00:00","breadcrumb":{"@id":"https:\/\/anzen.kikentai.mx\/index.php\/servicios\/#breadcrumb"},"inLanguage":"es","potentialAction":[{"@type":"ReadAction","target":["https:\/\/anzen.kikentai.mx\/index.php\/servicios\/"]}]},{"@type":"ImageObject","inLanguage":"es","@id":"https:\/\/anzen.kikentai.mx\/index.php\/servicios\/#primaryimage","url":"https:\/\/anzen.kikentai.mx\/wp-content\/plugins\/elementor\/assets\/images\/placeholder.png","contentUrl":"https:\/\/anzen.kikentai.mx\/wp-content\/plugins\/elementor\/assets\/images\/placeholder.png"},{"@type":"BreadcrumbList","@id":"https:\/\/anzen.kikentai.mx\/index.php\/servicios\/#breadcrumb","itemListElement":[{"@type":"ListItem","position":1,"name":"Portada","item":"https:\/\/anzen.kikentai.mx\/"},{"@type":"ListItem","position":2,"name":"Servicios"}]},{"@type":"WebSite","@id":"https:\/\/anzen.kikentai.mx\/#website","url":"https:\/\/anzen.kikentai.mx\/","name":"Anzen Ki Ken Tai","description":"Empresa de agentes salvaguardas integrales","potentialAction":[{"@type":"SearchAction","target":{"@type":"EntryPoint","urlTemplate":"https:\/\/anzen.kikentai.mx\/?s={search_term_string}"},"query-input":{"@type":"PropertyValueSpecification","valueRequired":true,"valueName":"search_term_string"}}],"inLanguage":"es"}]}},"_links":{"self":[{"href":"https:\/\/anzen.kikentai.mx\/index.php\/wp-json\/wp\/v2\/pages\/38","targetHints":{"allow":["GET"]}}],"collection":[{"href":"https:\/\/anzen.kikentai.mx\/index.php\/wp-json\/wp\/v2\/pages"}],"about":[{"href":"https:\/\/anzen.kikentai.mx\/index.php\/wp-json\/wp\/v2\/types\/page"}],"author":[{"embeddable":true,"href":"https:\/\/anzen.kikentai.mx\/index.php\/wp-json\/wp\/v2\/users\/1"}],"replies":[{"embeddable":true,"href":"https:\/\/anzen.kikentai.mx\/index.php\/wp-json\/wp\/v2\/comments?post=38"}],"version-history":[{"count":4,"href":"https:\/\/anzen.kikentai.mx\/index.php\/wp-json\/wp\/v2\/pages\/38\/revisions"}],"predecessor-version":[{"id":90,"href":"https:\/\/anzen.kikentai.mx\/index.php\/wp-json\/wp\/v2\/pages\/38\/revisions\/90"}],"wp:attachment":[{"href":"https:\/\/anzen.kikentai.mx\/index.php\/wp-json\/wp\/v2\/media?parent=38"}],"curies":[{"name":"wp","href":"https:\/\/api.w.org\/{rel}","templated":true}]}}