{"id":39,"date":"2024-05-09T16:35:51","date_gmt":"2024-05-09T16:35:51","guid":{"rendered":"https:\/\/anzen.kikentai.mx\/?page_id=39"},"modified":"2024-05-09T18:39:50","modified_gmt":"2024-05-09T18:39:50","slug":"contactanos","status":"publish","type":"page","link":"https:\/\/anzen.kikentai.mx\/index.php\/contactanos\/","title":{"rendered":"Cont\u00e1ctanos"},"content":{"rendered":"\t\t<div data-elementor-type=\"wp-page\" data-elementor-id=\"39\" class=\"elementor elementor-39\">\n\t\t\t\t<div class=\"elementor-element elementor-element-9e64991 e-flex e-con-boxed e-con e-parent\" data-id=\"9e64991\" data-element_type=\"container\">\n\t\t\t\t\t<div class=\"e-con-inner\">\n\t\t\t\t<div class=\"elementor-element elementor-element-b3d0b9c elementor-widget elementor-widget-google_maps\" data-id=\"b3d0b9c\" data-element_type=\"widget\" data-widget_type=\"google_maps.default\">\n\t\t\t\t<div class=\"elementor-widget-container\">\n\t\t\t\t\t\t\t<div class=\"elementor-custom-embed\">\n\t\t\t<iframe loading=\"lazy\"\n\t\t\t\t\tsrc=\"https:\/\/maps.google.com\/maps?q=Real%20montecassino%2C%20huitzilac%2C%20morelos&#038;t=m&#038;z=15&#038;output=embed&#038;iwloc=near\"\n\t\t\t\t\ttitle=\"Real montecassino, huitzilac, morelos\"\n\t\t\t\t\taria-label=\"Real montecassino, huitzilac, morelos\"\n\t\t\t><\/iframe>\n\t\t<\/div>\n\t\t\t\t\t\t<\/div>\n\t\t\t\t<\/div>\n\t\t\t\t\t<\/div>\n\t\t\t\t<\/div>\n\t\t<div class=\"elementor-element elementor-element-f1a5b7a e-grid e-con-boxed e-con e-parent\" data-id=\"f1a5b7a\" data-element_type=\"container\">\n\t\t\t\t\t<div class=\"e-con-inner\">\n\t\t\t\t<div class=\"elementor-element elementor-element-2c530b2 elementor-widget elementor-widget-heading\" data-id=\"2c530b2\" data-element_type=\"widget\" data-widget_type=\"heading.default\">\n\t\t\t\t<div class=\"elementor-widget-container\">\n\t\t\t\t\t<h2 class=\"elementor-heading-title elementor-size-default\">UBICACI\u00d3N<\/h2>\t\t\t\t<\/div>\n\t\t\t\t<\/div>\n\t\t\t\t<div class=\"elementor-element elementor-element-542d645 elementor-widget elementor-widget-heading\" data-id=\"542d645\" data-element_type=\"widget\" data-widget_type=\"heading.default\">\n\t\t\t\t<div class=\"elementor-widget-container\">\n\t\t\t\t\t<h2 class=\"elementor-heading-title elementor-size-default\">HORARIO<\/h2>\t\t\t\t<\/div>\n\t\t\t\t<\/div>\n\t\t\t\t<div class=\"elementor-element elementor-element-e4ed41e elementor-widget elementor-widget-heading\" data-id=\"e4ed41e\" data-element_type=\"widget\" data-widget_type=\"heading.default\">\n\t\t\t\t<div class=\"elementor-widget-container\">\n\t\t\t\t\t<h2 class=\"elementor-heading-title elementor-size-default\">CONT\u00c1CTANOS<\/h2>\t\t\t\t<\/div>\n\t\t\t\t<\/div>\n\t\t\t\t\t<\/div>\n\t\t\t\t<\/div>\n\t\t<div class=\"elementor-element elementor-element-b144362 e-grid e-con-boxed e-con e-parent\" data-id=\"b144362\" data-element_type=\"container\">\n\t\t\t\t\t<div class=\"e-con-inner\">\n\t\t\t\t<div class=\"elementor-element elementor-element-de4dd36 elementor-widget elementor-widget-text-editor\" data-id=\"de4dd36\" data-element_type=\"widget\" data-widget_type=\"text-editor.default\">\n\t\t\t\t<div class=\"elementor-widget-container\">\n\t\t\t\t\t\t\t\t\t<p>Fraccionamiento Real Montecassino<\/p>\t\t\t\t\t\t\t\t<\/div>\n\t\t\t\t<\/div>\n\t\t\t\t<div class=\"elementor-element elementor-element-dd1485a elementor-widget elementor-widget-text-editor\" data-id=\"dd1485a\" data-element_type=\"widget\" data-widget_type=\"text-editor.default\">\n\t\t\t\t<div class=\"elementor-widget-container\">\n\t\t\t\t\t\t\t\t\t<p>09:00 AM \u2013 06:00 PM<\/p><p>Lunes \u2013 Viernes<\/p>\t\t\t\t\t\t\t\t<\/div>\n\t\t\t\t<\/div>\n\t\t\t\t<div class=\"elementor-element elementor-element-6e4d8ab elementor-widget elementor-widget-text-editor\" data-id=\"6e4d8ab\" data-element_type=\"widget\" data-widget_type=\"text-editor.default\">\n\t\t\t\t<div class=\"elementor-widget-container\">\n\t\t\t\t\t\t\t\t\t<p>Por correo o nuestras redes sociales, esperamos verte pronto.<\/p>\t\t\t\t\t\t\t\t<\/div>\n\t\t\t\t<\/div>\n\t\t\t\t\t<\/div>\n\t\t\t\t<\/div>\n\t\t\t\t<\/div>\n\t\t","protected":false},"excerpt":{"rendered":"<p>UBICACI\u00d3N HORARIO CONT\u00c1CTANOS Fraccionamiento Real Montecassino 09:00 AM \u2013 06:00 PM Lunes \u2013 Viernes Por correo o nuestras redes sociales, esperamos verte pronto.<\/p>\n","protected":false},"author":1,"featured_media":0,"parent":0,"menu_order":0,"comment_status":"closed","ping_status":"closed","template":"","meta":{"_kad_post_transparent":"","_kad_post_title":"hide","_kad_post_layout":"fullwidth","_kad_post_sidebar_id":"","_kad_post_content_style":"unboxed","_kad_post_vertical_padding":"hide","_kad_post_feature":"hide","_kad_post_feature_position":"","_kad_post_header":false,"_kad_post_footer":false,"footnotes":""},"class_list":["post-39","page","type-page","status-publish","hentry"],"yoast_head":"<!-- This site is optimized with the Yoast SEO plugin v24.8.1 - https:\/\/yoast.com\/wordpress\/plugins\/seo\/ -->\n<title>Cont\u00e1ctanos - Anzen Ki Ken Tai<\/title>\n<meta name=\"robots\" content=\"index, follow, max-snippet:-1, max-image-preview:large, max-video-preview:-1\" \/>\n<link rel=\"canonical\" href=\"https:\/\/anzen.kikentai.mx\/index.php\/contactanos\/\" \/>\n<meta property=\"og:locale\" content=\"es_ES\" \/>\n<meta property=\"og:type\" content=\"article\" \/>\n<meta property=\"og:title\" content=\"Cont\u00e1ctanos - Anzen Ki Ken Tai\" \/>\n<meta property=\"og:description\" content=\"UBICACI\u00d3N HORARIO CONT\u00c1CTANOS Fraccionamiento Real Montecassino 09:00 AM \u2013 06:00 PM Lunes \u2013 Viernes Por correo o nuestras redes sociales, esperamos verte pronto.\" \/>\n<meta property=\"og:url\" content=\"https:\/\/anzen.kikentai.mx\/index.php\/contactanos\/\" \/>\n<meta property=\"og:site_name\" content=\"Anzen Ki Ken Tai\" \/>\n<meta property=\"article:modified_time\" content=\"2024-05-09T18:39:50+00:00\" \/>\n<meta name=\"twitter:card\" content=\"summary_large_image\" \/>\n<meta name=\"twitter:label1\" content=\"Tiempo de lectura\" \/>\n\t<meta name=\"twitter:data1\" content=\"1 minuto\" \/>\n<script type=\"application\/ld+json\" class=\"yoast-schema-graph\">{\"@context\":\"https:\/\/schema.org\",\"@graph\":[{\"@type\":\"WebPage\",\"@id\":\"https:\/\/anzen.kikentai.mx\/index.php\/contactanos\/\",\"url\":\"https:\/\/anzen.kikentai.mx\/index.php\/contactanos\/\",\"name\":\"Cont\u00e1ctanos - Anzen Ki Ken Tai\",\"isPartOf\":{\"@id\":\"https:\/\/anzen.kikentai.mx\/#website\"},\"datePublished\":\"2024-05-09T16:35:51+00:00\",\"dateModified\":\"2024-05-09T18:39:50+00:00\",\"breadcrumb\":{\"@id\":\"https:\/\/anzen.kikentai.mx\/index.php\/contactanos\/#breadcrumb\"},\"inLanguage\":\"es\",\"potentialAction\":[{\"@type\":\"ReadAction\",\"target\":[\"https:\/\/anzen.kikentai.mx\/index.php\/contactanos\/\"]}]},{\"@type\":\"BreadcrumbList\",\"@id\":\"https:\/\/anzen.kikentai.mx\/index.php\/contactanos\/#breadcrumb\",\"itemListElement\":[{\"@type\":\"ListItem\",\"position\":1,\"name\":\"Portada\",\"item\":\"https:\/\/anzen.kikentai.mx\/\"},{\"@type\":\"ListItem\",\"position\":2,\"name\":\"Cont\u00e1ctanos\"}]},{\"@type\":\"WebSite\",\"@id\":\"https:\/\/anzen.kikentai.mx\/#website\",\"url\":\"https:\/\/anzen.kikentai.mx\/\",\"name\":\"Anzen Ki Ken Tai\",\"description\":\"Empresa de agentes salvaguardas integrales\",\"potentialAction\":[{\"@type\":\"SearchAction\",\"target\":{\"@type\":\"EntryPoint\",\"urlTemplate\":\"https:\/\/anzen.kikentai.mx\/?s={search_term_string}\"},\"query-input\":{\"@type\":\"PropertyValueSpecification\",\"valueRequired\":true,\"valueName\":\"search_term_string\"}}],\"inLanguage\":\"es\"}]}<\/script>\n<!-- \/ Yoast SEO plugin. -->","yoast_head_json":{"title":"Cont\u00e1ctanos - Anzen Ki Ken Tai","robots":{"index":"index","follow":"follow","max-snippet":"max-snippet:-1","max-image-preview":"max-image-preview:large","max-video-preview":"max-video-preview:-1"},"canonical":"https:\/\/anzen.kikentai.mx\/index.php\/contactanos\/","og_locale":"es_ES","og_type":"article","og_title":"Cont\u00e1ctanos - Anzen Ki Ken Tai","og_description":"UBICACI\u00d3N HORARIO CONT\u00c1CTANOS Fraccionamiento Real Montecassino 09:00 AM \u2013 06:00 PM Lunes \u2013 Viernes Por correo o nuestras redes sociales, esperamos verte pronto.","og_url":"https:\/\/anzen.kikentai.mx\/index.php\/contactanos\/","og_site_name":"Anzen Ki Ken Tai","article_modified_time":"2024-05-09T18:39:50+00:00","twitter_card":"summary_large_image","twitter_misc":{"Tiempo de lectura":"1 minuto"},"schema":{"@context":"https:\/\/schema.org","@graph":[{"@type":"WebPage","@id":"https:\/\/anzen.kikentai.mx\/index.php\/contactanos\/","url":"https:\/\/anzen.kikentai.mx\/index.php\/contactanos\/","name":"Cont\u00e1ctanos - Anzen Ki Ken Tai","isPartOf":{"@id":"https:\/\/anzen.kikentai.mx\/#website"},"datePublished":"2024-05-09T16:35:51+00:00","dateModified":"2024-05-09T18:39:50+00:00","breadcrumb":{"@id":"https:\/\/anzen.kikentai.mx\/index.php\/contactanos\/#breadcrumb"},"inLanguage":"es","potentialAction":[{"@type":"ReadAction","target":["https:\/\/anzen.kikentai.mx\/index.php\/contactanos\/"]}]},{"@type":"BreadcrumbList","@id":"https:\/\/anzen.kikentai.mx\/index.php\/contactanos\/#breadcrumb","itemListElement":[{"@type":"ListItem","position":1,"name":"Portada","item":"https:\/\/anzen.kikentai.mx\/"},{"@type":"ListItem","position":2,"name":"Cont\u00e1ctanos"}]},{"@type":"WebSite","@id":"https:\/\/anzen.kikentai.mx\/#website","url":"https:\/\/anzen.kikentai.mx\/","name":"Anzen Ki Ken Tai","description":"Empresa de agentes salvaguardas integrales","potentialAction":[{"@type":"SearchAction","target":{"@type":"EntryPoint","urlTemplate":"https:\/\/anzen.kikentai.mx\/?s={search_term_string}"},"query-input":{"@type":"PropertyValueSpecification","valueRequired":true,"valueName":"search_term_string"}}],"inLanguage":"es"}]}},"_links":{"self":[{"href":"https:\/\/anzen.kikentai.mx\/index.php\/wp-json\/wp\/v2\/pages\/39","targetHints":{"allow":["GET"]}}],"collection":[{"href":"https:\/\/anzen.kikentai.mx\/index.php\/wp-json\/wp\/v2\/pages"}],"about":[{"href":"https:\/\/anzen.kikentai.mx\/index.php\/wp-json\/wp\/v2\/types\/page"}],"author":[{"embeddable":true,"href":"https:\/\/anzen.kikentai.mx\/index.php\/wp-json\/wp\/v2\/users\/1"}],"replies":[{"embeddable":true,"href":"https:\/\/anzen.kikentai.mx\/index.php\/wp-json\/wp\/v2\/comments?post=39"}],"version-history":[{"count":4,"href":"https:\/\/anzen.kikentai.mx\/index.php\/wp-json\/wp\/v2\/pages\/39\/revisions"}],"predecessor-version":[{"id":93,"href":"https:\/\/anzen.kikentai.mx\/index.php\/wp-json\/wp\/v2\/pages\/39\/revisions\/93"}],"wp:attachment":[{"href":"https:\/\/anzen.kikentai.mx\/index.php\/wp-json\/wp\/v2\/media?parent=39"}],"curies":[{"name":"wp","href":"https:\/\/api.w.org\/{rel}","templated":true}]}}