{"id":8,"date":"2024-05-09T15:12:25","date_gmt":"2024-05-09T15:12:25","guid":{"rendered":"https:\/\/anzen.kikentai.mx\/?page_id=8"},"modified":"2024-05-10T06:08:43","modified_gmt":"2024-05-10T06:08:43","slug":"inicio","status":"publish","type":"page","link":"https:\/\/anzen.kikentai.mx\/","title":{"rendered":"Inicio"},"content":{"rendered":"\t\t<div data-elementor-type=\"wp-post\" data-elementor-id=\"8\" class=\"elementor elementor-8\">\n\t\t\t\t<div class=\"elementor-element elementor-element-74d502c e-flex e-con-boxed e-con e-parent\" data-id=\"74d502c\" data-element_type=\"container\">\n\t\t\t\t\t<div class=\"e-con-inner\">\n\t\t<div class=\"elementor-element elementor-element-e565ec0 e-con-full e-flex e-con e-child\" data-id=\"e565ec0\" data-element_type=\"container\">\n\t\t\t\t<div class=\"elementor-element elementor-element-16264f6 elementor-widget elementor-widget-heading\" data-id=\"16264f6\" data-element_type=\"widget\" data-widget_type=\"heading.default\">\n\t\t\t\t<div class=\"elementor-widget-container\">\n\t\t\t\t\t<h2 class=\"elementor-heading-title elementor-size-default\">M\u00e1s que solo una empresa de seguridad.<\/h2>\t\t\t\t<\/div>\n\t\t\t\t<\/div>\n\t\t\t\t<div class=\"elementor-element elementor-element-589ff8b elementor-widget elementor-widget-text-editor\" data-id=\"589ff8b\" data-element_type=\"widget\" data-widget_type=\"text-editor.default\">\n\t\t\t\t<div class=\"elementor-widget-container\">\n\t\t\t\t\t\t\t\t\t<p style=\"margin: 0in; font-family: Calibri; font-size: 11.0pt;\">Somos una empresa 100% mexicana; creada con la finalidad de ofrecer un servicio integral que haga la diferencia; considerando a nuestro personal como la base primordial de nuestra compa\u00f1\u00eda. Comprometidos con nuestros agentes, haci\u00e9ndolos crecer personal y profesionalmente d\u00eda con d\u00eda.<\/p>\t\t\t\t\t\t\t\t<\/div>\n\t\t\t\t<\/div>\n\t\t\t\t<div class=\"elementor-element elementor-element-06633f1 elementor-widget elementor-widget-button\" data-id=\"06633f1\" data-element_type=\"widget\" data-widget_type=\"button.default\">\n\t\t\t\t<div class=\"elementor-widget-container\">\n\t\t\t\t\t\t\t\t\t<div class=\"elementor-button-wrapper\">\n\t\t\t\t\t<a class=\"elementor-button elementor-button-link elementor-size-sm\" href=\"https:\/\/anzen.kikentai.mx\/index.php\/conocenos\/\">\n\t\t\t\t\t\t<span class=\"elementor-button-content-wrapper\">\n\t\t\t\t\t\t\t\t\t<span class=\"elementor-button-text\">LEER M\u00c1S<\/span>\n\t\t\t\t\t<\/span>\n\t\t\t\t\t<\/a>\n\t\t\t\t<\/div>\n\t\t\t\t\t\t\t\t<\/div>\n\t\t\t\t<\/div>\n\t\t\t\t<\/div>\n\t\t<div class=\"elementor-element elementor-element-19a73f1 e-con-full e-flex e-con e-child\" data-id=\"19a73f1\" data-element_type=\"container\">\n\t\t\t\t<div class=\"elementor-element elementor-element-412ad95 elementor-widget elementor-widget-image\" data-id=\"412ad95\" data-element_type=\"widget\" data-widget_type=\"image.default\">\n\t\t\t\t<div class=\"elementor-widget-container\">\n\t\t\t\t\t\t\t\t\t\t\t\t\t\t\t<img decoding=\"async\" src=\"https:\/\/anzen.kikentai.mx\/wp-content\/plugins\/elementor\/assets\/images\/placeholder.png\" title=\"\" alt=\"\" loading=\"lazy\" \/>\t\t\t\t\t\t\t\t\t\t\t\t\t\t\t<\/div>\n\t\t\t\t<\/div>\n\t\t\t\t<\/div>\n\t\t\t\t\t<\/div>\n\t\t\t\t<\/div>\n\t\t\t\t<\/div>\n\t\t","protected":false},"excerpt":{"rendered":"<p>M\u00e1s que solo una empresa de seguridad. Somos una empresa 100% mexicana; creada con la finalidad de ofrecer un servicio integral que haga la diferencia; considerando a nuestro personal como la base primordial de nuestra compa\u00f1\u00eda. Comprometidos con nuestros agentes, haci\u00e9ndolos crecer personal y profesionalmente d\u00eda con d\u00eda. LEER M\u00c1S<\/p>\n","protected":false},"author":1,"featured_media":0,"parent":0,"menu_order":0,"comment_status":"closed","ping_status":"closed","template":"","meta":{"_kad_post_transparent":"","_kad_post_title":"hide","_kad_post_layout":"fullwidth","_kad_post_sidebar_id":"","_kad_post_content_style":"unboxed","_kad_post_vertical_padding":"hide","_kad_post_feature":"hide","_kad_post_feature_position":"","_kad_post_header":false,"_kad_post_footer":false,"footnotes":""},"class_list":["post-8","page","type-page","status-publish","hentry"],"yoast_head":"<!-- This site is optimized with the Yoast SEO plugin v24.8.1 - https:\/\/yoast.com\/wordpress\/plugins\/seo\/ -->\n<title>Inicio - Anzen Ki Ken Tai<\/title>\n<meta name=\"robots\" content=\"index, follow, max-snippet:-1, max-image-preview:large, max-video-preview:-1\" \/>\n<link rel=\"canonical\" href=\"https:\/\/anzen.kikentai.mx\/\" \/>\n<meta property=\"og:locale\" content=\"es_ES\" \/>\n<meta property=\"og:type\" content=\"article\" \/>\n<meta property=\"og:title\" content=\"Inicio - Anzen Ki Ken Tai\" \/>\n<meta property=\"og:description\" content=\"M\u00e1s que solo una empresa de seguridad. Somos una empresa 100% mexicana; creada con la finalidad de ofrecer un servicio integral que haga la diferencia; considerando a nuestro personal como la base primordial de nuestra compa\u00f1\u00eda. Comprometidos con nuestros agentes, haci\u00e9ndolos crecer personal y profesionalmente d\u00eda con d\u00eda. LEER M\u00c1S\" \/>\n<meta property=\"og:url\" content=\"https:\/\/anzen.kikentai.mx\/\" \/>\n<meta property=\"og:site_name\" content=\"Anzen Ki Ken Tai\" \/>\n<meta property=\"article:modified_time\" content=\"2024-05-10T06:08:43+00:00\" \/>\n<meta property=\"og:image\" content=\"https:\/\/anzen.kikentai.mx\/wp-content\/plugins\/elementor\/assets\/images\/placeholder.png\" \/>\n<meta name=\"twitter:card\" content=\"summary_large_image\" \/>\n<meta name=\"twitter:label1\" content=\"Tiempo de lectura\" \/>\n\t<meta name=\"twitter:data1\" content=\"1 minuto\" \/>\n<script type=\"application\/ld+json\" class=\"yoast-schema-graph\">{\"@context\":\"https:\/\/schema.org\",\"@graph\":[{\"@type\":\"WebPage\",\"@id\":\"https:\/\/anzen.kikentai.mx\/\",\"url\":\"https:\/\/anzen.kikentai.mx\/\",\"name\":\"Inicio - Anzen Ki Ken Tai\",\"isPartOf\":{\"@id\":\"https:\/\/anzen.kikentai.mx\/#website\"},\"primaryImageOfPage\":{\"@id\":\"https:\/\/anzen.kikentai.mx\/#primaryimage\"},\"image\":{\"@id\":\"https:\/\/anzen.kikentai.mx\/#primaryimage\"},\"thumbnailUrl\":\"https:\/\/anzen.kikentai.mx\/wp-content\/plugins\/elementor\/assets\/images\/placeholder.png\",\"datePublished\":\"2024-05-09T15:12:25+00:00\",\"dateModified\":\"2024-05-10T06:08:43+00:00\",\"breadcrumb\":{\"@id\":\"https:\/\/anzen.kikentai.mx\/#breadcrumb\"},\"inLanguage\":\"es\",\"potentialAction\":[{\"@type\":\"ReadAction\",\"target\":[\"https:\/\/anzen.kikentai.mx\/\"]}]},{\"@type\":\"ImageObject\",\"inLanguage\":\"es\",\"@id\":\"https:\/\/anzen.kikentai.mx\/#primaryimage\",\"url\":\"https:\/\/anzen.kikentai.mx\/wp-content\/plugins\/elementor\/assets\/images\/placeholder.png\",\"contentUrl\":\"https:\/\/anzen.kikentai.mx\/wp-content\/plugins\/elementor\/assets\/images\/placeholder.png\"},{\"@type\":\"BreadcrumbList\",\"@id\":\"https:\/\/anzen.kikentai.mx\/#breadcrumb\",\"itemListElement\":[{\"@type\":\"ListItem\",\"position\":1,\"name\":\"Portada\",\"item\":\"https:\/\/anzen.kikentai.mx\/\"},{\"@type\":\"ListItem\",\"position\":2,\"name\":\"Inicio\"}]},{\"@type\":\"WebSite\",\"@id\":\"https:\/\/anzen.kikentai.mx\/#website\",\"url\":\"https:\/\/anzen.kikentai.mx\/\",\"name\":\"Anzen Ki Ken Tai\",\"description\":\"Empresa de agentes salvaguardas integrales\",\"potentialAction\":[{\"@type\":\"SearchAction\",\"target\":{\"@type\":\"EntryPoint\",\"urlTemplate\":\"https:\/\/anzen.kikentai.mx\/?s={search_term_string}\"},\"query-input\":{\"@type\":\"PropertyValueSpecification\",\"valueRequired\":true,\"valueName\":\"search_term_string\"}}],\"inLanguage\":\"es\"}]}<\/script>\n<!-- \/ Yoast SEO plugin. -->","yoast_head_json":{"title":"Inicio - Anzen Ki Ken Tai","robots":{"index":"index","follow":"follow","max-snippet":"max-snippet:-1","max-image-preview":"max-image-preview:large","max-video-preview":"max-video-preview:-1"},"canonical":"https:\/\/anzen.kikentai.mx\/","og_locale":"es_ES","og_type":"article","og_title":"Inicio - Anzen Ki Ken Tai","og_description":"M\u00e1s que solo una empresa de seguridad. Somos una empresa 100% mexicana; creada con la finalidad de ofrecer un servicio integral que haga la diferencia; considerando a nuestro personal como la base primordial de nuestra compa\u00f1\u00eda. Comprometidos con nuestros agentes, haci\u00e9ndolos crecer personal y profesionalmente d\u00eda con d\u00eda. LEER M\u00c1S","og_url":"https:\/\/anzen.kikentai.mx\/","og_site_name":"Anzen Ki Ken Tai","article_modified_time":"2024-05-10T06:08:43+00:00","og_image":[{"url":"https:\/\/anzen.kikentai.mx\/wp-content\/plugins\/elementor\/assets\/images\/placeholder.png","type":"","width":"","height":""}],"twitter_card":"summary_large_image","twitter_misc":{"Tiempo de lectura":"1 minuto"},"schema":{"@context":"https:\/\/schema.org","@graph":[{"@type":"WebPage","@id":"https:\/\/anzen.kikentai.mx\/","url":"https:\/\/anzen.kikentai.mx\/","name":"Inicio - Anzen Ki Ken Tai","isPartOf":{"@id":"https:\/\/anzen.kikentai.mx\/#website"},"primaryImageOfPage":{"@id":"https:\/\/anzen.kikentai.mx\/#primaryimage"},"image":{"@id":"https:\/\/anzen.kikentai.mx\/#primaryimage"},"thumbnailUrl":"https:\/\/anzen.kikentai.mx\/wp-content\/plugins\/elementor\/assets\/images\/placeholder.png","datePublished":"2024-05-09T15:12:25+00:00","dateModified":"2024-05-10T06:08:43+00:00","breadcrumb":{"@id":"https:\/\/anzen.kikentai.mx\/#breadcrumb"},"inLanguage":"es","potentialAction":[{"@type":"ReadAction","target":["https:\/\/anzen.kikentai.mx\/"]}]},{"@type":"ImageObject","inLanguage":"es","@id":"https:\/\/anzen.kikentai.mx\/#primaryimage","url":"https:\/\/anzen.kikentai.mx\/wp-content\/plugins\/elementor\/assets\/images\/placeholder.png","contentUrl":"https:\/\/anzen.kikentai.mx\/wp-content\/plugins\/elementor\/assets\/images\/placeholder.png"},{"@type":"BreadcrumbList","@id":"https:\/\/anzen.kikentai.mx\/#breadcrumb","itemListElement":[{"@type":"ListItem","position":1,"name":"Portada","item":"https:\/\/anzen.kikentai.mx\/"},{"@type":"ListItem","position":2,"name":"Inicio"}]},{"@type":"WebSite","@id":"https:\/\/anzen.kikentai.mx\/#website","url":"https:\/\/anzen.kikentai.mx\/","name":"Anzen Ki Ken Tai","description":"Empresa de agentes salvaguardas integrales","potentialAction":[{"@type":"SearchAction","target":{"@type":"EntryPoint","urlTemplate":"https:\/\/anzen.kikentai.mx\/?s={search_term_string}"},"query-input":{"@type":"PropertyValueSpecification","valueRequired":true,"valueName":"search_term_string"}}],"inLanguage":"es"}]}},"_links":{"self":[{"href":"https:\/\/anzen.kikentai.mx\/index.php\/wp-json\/wp\/v2\/pages\/8","targetHints":{"allow":["GET"]}}],"collection":[{"href":"https:\/\/anzen.kikentai.mx\/index.php\/wp-json\/wp\/v2\/pages"}],"about":[{"href":"https:\/\/anzen.kikentai.mx\/index.php\/wp-json\/wp\/v2\/types\/page"}],"author":[{"embeddable":true,"href":"https:\/\/anzen.kikentai.mx\/index.php\/wp-json\/wp\/v2\/users\/1"}],"replies":[{"embeddable":true,"href":"https:\/\/anzen.kikentai.mx\/index.php\/wp-json\/wp\/v2\/comments?post=8"}],"version-history":[{"count":11,"href":"https:\/\/anzen.kikentai.mx\/index.php\/wp-json\/wp\/v2\/pages\/8\/revisions"}],"predecessor-version":[{"id":100,"href":"https:\/\/anzen.kikentai.mx\/index.php\/wp-json\/wp\/v2\/pages\/8\/revisions\/100"}],"wp:attachment":[{"href":"https:\/\/anzen.kikentai.mx\/index.php\/wp-json\/wp\/v2\/media?parent=8"}],"curies":[{"name":"wp","href":"https:\/\/api.w.org\/{rel}","templated":true}]}}